{"id":216,"date":"2021-03-01T10:12:44","date_gmt":"2021-03-01T10:12:44","guid":{"rendered":"https:\/\/www.sunbeachguardamar.com\/?page_id=216"},"modified":"2021-03-24T19:32:41","modified_gmt":"2021-03-24T19:32:41","slug":"nosotros","status":"publish","type":"page","link":"https:\/\/www.cerayeso.com\/?page_id=216","title":{"rendered":"Nosotros"},"content":{"rendered":"\n<h2 class=\"wp-block-heading\">Ceramic Plaster, paneles de ladrillo cer\u00e1mico de gran formato revestidos de yeso de \u00faltima generaci\u00f3n<\/h2>\n\n\n\n<div style=\"height:31px\" aria-hidden=\"true\" class=\"wp-block-spacer\"><\/div>\n\n\n\n<p>En <strong>Ceramic Plaster <\/strong>somos fabricantes y distribuidores de productos prefabricados para la construcci\u00f3n.<\/p>\n\n\n\n<div style=\"height:14px\" aria-hidden=\"true\" class=\"wp-block-spacer\"><\/div>\n\n\n\n<p>Estamos especializados en la producci\u00f3n de paneles de ladrillo cer\u00e1mico de gran formato revestido en yeso de gran calidad. Y ofrecemos a nuestros clientes un servicio integral de fabricaci\u00f3n, transporte, colocaci\u00f3n y terminaci\u00f3n con apertura de rozas para instalaciones, garantizando una terminaci\u00f3n eficaz y profesional.<\/p>\n\n\n\n<div style=\"height:20px\" aria-hidden=\"true\" class=\"wp-block-spacer\"><\/div>\n\n\n\n<p>Nuestros productos tienen las homologaciones t\u00e9cnicas gracias a la certificaci\u00f3n de los materiales que utilizamos como materia prima para la fabricaci\u00f3n de nuestros paneles, como son, en el caso del ladrillo cer\u00e1mico de gran formato las certificaciones <strong><a href=\"https:\/\/www.silensis.es\/\">Silensis<\/a><\/strong>, marca que engloba a todos los sistemas de construcci\u00f3n de paredes de ladrillo y bloque cer\u00e1mico, que cumplen con las exigencias del <strong>C\u00f3digo T\u00e9cnico de la Edificaci\u00f3n (CTE)<\/strong> en materia de aislamiento ac\u00fastico y las normas UNE-EN para el yeso de \u00faltima generaci\u00f3n utilizado de gran resistencia y fraguado r\u00e1pido.<\/p>\n\n\n\n<div style=\"height:26px\" aria-hidden=\"true\" class=\"wp-block-spacer\"><\/div>\n\n\n\n<p>El producto <strong>Ceramic Plaster<\/strong> es de una alta calidad, fabricado con ladrillo cer\u00e1mico y yeso de \u00faltima generaci\u00f3n, lo que convierte al sistema de <strong>Ceramic Plaster <\/strong>en un producto eficiente y con una contrastada reputaci\u00f3n en el mercado nacional e internacional y que, desde su aparici\u00f3n en el mercado, es la soluci\u00f3n constructiva en divisiones de interior preferida por los t\u00e9cnicos a la hora de llevar a cabo sus proyectos.<\/p>\n\n\n\n<div style=\"height:22px\" aria-hidden=\"true\" class=\"wp-block-spacer\"><\/div>\n\n\n\n<div class=\"wp-block-image\"><figure class=\"aligncenter size-large\"><img loading=\"lazy\" decoding=\"async\" width=\"1024\" height=\"768\" src=\"https:\/\/www.cerayeso.com\/wp-content\/uploads\/2021\/02\/CZUnAeeWYAAyh3s-1024x768.jpeg\" alt=\"\" class=\"wp-image-100\" srcset=\"https:\/\/www.cerayeso.com\/wp-content\/uploads\/2021\/02\/CZUnAeeWYAAyh3s-1024x768.jpeg 1024w, https:\/\/www.cerayeso.com\/wp-content\/uploads\/2021\/02\/CZUnAeeWYAAyh3s-300x225.jpeg 300w, https:\/\/www.cerayeso.com\/wp-content\/uploads\/2021\/02\/CZUnAeeWYAAyh3s-768x576.jpeg 768w, https:\/\/www.cerayeso.com\/wp-content\/uploads\/2021\/02\/CZUnAeeWYAAyh3s-1536x1152.jpeg 1536w, https:\/\/www.cerayeso.com\/wp-content\/uploads\/2021\/02\/CZUnAeeWYAAyh3s.jpeg 1600w\" sizes=\"auto, (max-width: 1024px) 100vw, 1024px\" \/><figcaption>Soluciones divisorias montadas con Ceramic Plaster para local comercial en Centro Comercial.<\/figcaption><\/figure><\/div>\n","protected":false},"excerpt":{"rendered":"<p>Ceramic Plaster, paneles de ladrillo cer\u00e1mico de gran formato revestidos de yeso de \u00faltima generaci\u00f3n En Ceramic Plaster somos fabricantes y distribuidores de productos prefabricados para la construcci\u00f3n. Estamos especializados en la producci\u00f3n de paneles de ladrillo cer\u00e1mico de gran formato revestido en yeso de gran calidad. Y ofrecemos a nuestros clientes un servicio integral [&hellip;]<\/p>\n","protected":false},"author":1,"featured_media":0,"parent":0,"menu_order":0,"comment_status":"closed","ping_status":"closed","template":"templates\/template_page-full-width.php","meta":{"footnotes":""},"class_list":["post-216","page","type-page","status-publish","hentry"],"_links":{"self":[{"href":"https:\/\/www.cerayeso.com\/index.php?rest_route=\/wp\/v2\/pages\/216","targetHints":{"allow":["GET"]}}],"collection":[{"href":"https:\/\/www.cerayeso.com\/index.php?rest_route=\/wp\/v2\/pages"}],"about":[{"href":"https:\/\/www.cerayeso.com\/index.php?rest_route=\/wp\/v2\/types\/page"}],"author":[{"embeddable":true,"href":"https:\/\/www.cerayeso.com\/index.php?rest_route=\/wp\/v2\/users\/1"}],"replies":[{"embeddable":true,"href":"https:\/\/www.cerayeso.com\/index.php?rest_route=%2Fwp%2Fv2%2Fcomments&post=216"}],"version-history":[{"count":14,"href":"https:\/\/www.cerayeso.com\/index.php?rest_route=\/wp\/v2\/pages\/216\/revisions"}],"predecessor-version":[{"id":340,"href":"https:\/\/www.cerayeso.com\/index.php?rest_route=\/wp\/v2\/pages\/216\/revisions\/340"}],"wp:attachment":[{"href":"https:\/\/www.cerayeso.com\/index.php?rest_route=%2Fwp%2Fv2%2Fmedia&parent=216"}],"curies":[{"name":"wp","href":"https:\/\/api.w.org\/{rel}","templated":true}]}}