{"id":160,"date":"2021-02-23T16:57:25","date_gmt":"2021-02-23T16:57:25","guid":{"rendered":"https:\/\/www.sunbeachguardamar.com\/?page_id=160"},"modified":"2021-03-25T09:08:13","modified_gmt":"2021-03-25T09:08:13","slug":"ceramic-plaster","status":"publish","type":"page","link":"https:\/\/www.cerayeso.com\/?page_id=160","title":{"rendered":"Ceramic Plaster"},"content":{"rendered":"\n<figure class=\"wp-block-image size-large\"><img loading=\"lazy\" decoding=\"async\" width=\"547\" height=\"217\" src=\"https:\/\/www.cerayeso.com\/wp-content\/uploads\/2021\/02\/Logo-Ceramic-Plaster.png\" alt=\"\" class=\"wp-image-36\" srcset=\"https:\/\/www.cerayeso.com\/wp-content\/uploads\/2021\/02\/Logo-Ceramic-Plaster.png 547w, https:\/\/www.cerayeso.com\/wp-content\/uploads\/2021\/02\/Logo-Ceramic-Plaster-300x119.png 300w\" sizes=\"auto, (max-width: 547px) 100vw, 547px\" \/><\/figure>\n\n\n\n<h1 class=\"wp-block-heading\"><strong>BENEFICIOS DE CERAMIC PLASTER<\/strong><\/h1>\n\n\n\n<div style=\"height:34px\" aria-hidden=\"true\" class=\"wp-block-spacer\"><\/div>\n\n\n\n<h2 class=\"wp-block-heading\">\u00bfQu\u00e9 es Ceramic Plaster?<\/h2>\n\n\n\n<div style=\"height:40px\" aria-hidden=\"true\" class=\"wp-block-spacer\"><\/div>\n\n\n\n<p>El tabique <strong>Ceramic Plaster<\/strong> es un elemento constructivo prefabricado de&nbsp;gran formato, compuesto de un n\u00facleo cer\u00e1mico y un revestimiento de yeso. Gracias a la configuraci\u00f3n de las placas&nbsp;machihembradas en todo su per\u00edmetro, a los materiales con los&nbsp;que est\u00e1 elaborado y al gran tama\u00f1o de las piezas, se consiguen&nbsp;ventajas \u00fanicas:<\/p>\n\n\n\n<div style=\"height:19px\" aria-hidden=\"true\" class=\"wp-block-spacer\"><\/div>\n\n\n\n<p>&gt; Elevada planeidad en el acabado.<\/p>\n\n\n\n<div style=\"height:19px\" aria-hidden=\"true\" class=\"wp-block-spacer\"><\/div>\n\n\n\n<p>&gt; Facilidad y rapidez de ejecuci\u00f3n,&nbsp;rentabilidad en la obra.<\/p>\n\n\n\n<div style=\"height:19px\" aria-hidden=\"true\" class=\"wp-block-spacer\"><\/div>\n\n\n\n<p>&gt; Producci\u00f3n m\u00ednima de escombros.<\/p>\n\n\n\n<div style=\"height:19px\" aria-hidden=\"true\" class=\"wp-block-spacer\"><\/div>\n\n\n\n<p>&gt; Solidez y resistencia, gracias a las cualidades del ladrillo cer\u00e1mico.<\/p>\n\n\n\n<div style=\"height:19px\" aria-hidden=\"true\" class=\"wp-block-spacer\"><\/div>\n\n\n\n<p>&gt; La superficie de yeso lo hace totalmente incombustible. Ademas, controla el estado hidrosc\u00f3pico al absorber y despedir la humedad&nbsp;ambiente, sin alterar sus caracter\u00edsticas.<\/p>\n\n\n\n<div style=\"height:19px\" aria-hidden=\"true\" class=\"wp-block-spacer\"><\/div>\n\n\n\n<p>El tabique de <strong>Ceramic Plaster<\/strong> se presenta en distintos formatos, completando la gama mas amplia del mercado para satisfacer todo tipo&nbsp;de necesidades: ac\u00fasticas, t\u00e9rmicas, ign\u00edfugas, etc.<\/p>\n\n\n\n<div style=\"height:53px\" aria-hidden=\"true\" class=\"wp-block-spacer\"><\/div>\n\n\n\n<h2 class=\"wp-block-heading\"><strong>PRODUCTOS Y CARACTER\u00cdSTICAS T\u00c9CNICAS<\/strong><\/h2>\n\n\n\n<div style=\"height:53px\" aria-hidden=\"true\" class=\"wp-block-spacer\"><\/div>\n\n\n\n<div class=\"wp-block-image\"><figure class=\"aligncenter size-large is-resized\"><img loading=\"lazy\" decoding=\"async\" src=\"https:\/\/www.cerayeso.com\/wp-content\/uploads\/2021\/02\/tablaproductoscp-1024x223.jpg\" alt=\"\" class=\"wp-image-138\" width=\"924\" height=\"200\" srcset=\"https:\/\/www.cerayeso.com\/wp-content\/uploads\/2021\/02\/tablaproductoscp-1024x223.jpg 1024w, https:\/\/www.cerayeso.com\/wp-content\/uploads\/2021\/02\/tablaproductoscp-300x65.jpg 300w, https:\/\/www.cerayeso.com\/wp-content\/uploads\/2021\/02\/tablaproductoscp-768x167.jpg 768w, https:\/\/www.cerayeso.com\/wp-content\/uploads\/2021\/02\/tablaproductoscp.jpg 1080w\" sizes=\"auto, (max-width: 924px) 100vw, 924px\" \/><\/figure><\/div>\n\n\n\n<div style=\"height:53px\" aria-hidden=\"true\" class=\"wp-block-spacer\"><\/div>\n\n\n\n<h2 class=\"wp-block-heading\"><strong>CERTIFICACIONES CERAMIC PLASTER<\/strong><\/h2>\n\n\n\n<div style=\"height:32px\" aria-hidden=\"true\" class=\"wp-block-spacer\"><\/div>\n\n\n\n<p><strong>Ceramic Plaster<\/strong> cuenta con las m\u00e1ximas Certificaciones a nivel Europeo. Certificaciones como <strong>DAU<\/strong> y <strong>Bureau Veritas<\/strong> que adecuan el uso de los productos y garantizan la calidad de los mismos.<\/p>\n\n\n\n<div style=\"height:43px\" aria-hidden=\"true\" class=\"wp-block-spacer\"><\/div>\n\n\n\n<figure class=\"wp-block-image size-large is-resized\"><img loading=\"lazy\" decoding=\"async\" src=\"https:\/\/www.cerayeso.com\/wp-content\/uploads\/2021\/02\/Captura-de-pantalla-2021-02-23-a-las-12.14.35-1024x517.png\" alt=\"\" class=\"wp-image-139\" width=\"222\" height=\"111\" srcset=\"https:\/\/www.cerayeso.com\/wp-content\/uploads\/2021\/02\/Captura-de-pantalla-2021-02-23-a-las-12.14.35-1024x517.png 1024w, https:\/\/www.cerayeso.com\/wp-content\/uploads\/2021\/02\/Captura-de-pantalla-2021-02-23-a-las-12.14.35-300x151.png 300w, https:\/\/www.cerayeso.com\/wp-content\/uploads\/2021\/02\/Captura-de-pantalla-2021-02-23-a-las-12.14.35-768x387.png 768w, https:\/\/www.cerayeso.com\/wp-content\/uploads\/2021\/02\/Captura-de-pantalla-2021-02-23-a-las-12.14.35.png 1102w\" sizes=\"auto, (max-width: 222px) 100vw, 222px\" \/><\/figure>\n\n\n\n<div style=\"height:34px\" aria-hidden=\"true\" class=\"wp-block-spacer\"><\/div>\n\n\n\n<figure class=\"wp-block-image size-large is-resized\"><img decoding=\"async\" src=\"https:\/\/www.cerayeso.com\/wp-content\/uploads\/2021\/03\/CYb9ACoW8AAAyDu-edited.jpeg\" alt=\"\" class=\"wp-image-303\" width=\"470\"\/><\/figure>\n\n\n\n<div style=\"height:37px\" aria-hidden=\"true\" class=\"wp-block-spacer\"><\/div>\n\n\n\n<h2 class=\"wp-block-heading\"><strong>BENEFICIOS DE INSTALACI\u00d3N<\/strong><\/h2>\n\n\n\n<div style=\"height:36px\" aria-hidden=\"true\" class=\"wp-block-spacer\"><\/div>\n\n\n\n<p>&gt; Pensado para la construcci\u00f3n de tabiquer\u00eda en un tiempo r\u00e9cord,&nbsp;de una forma sencilla y segura. Mayor rentabilidad tanto de cola de montaje tomo de tiempo.<\/p>\n\n\n\n<div style=\"height:36px\" aria-hidden=\"true\" class=\"wp-block-spacer\"><\/div>\n\n\n\n<p>&gt; El equipo de colocaci\u00f3n esta compuesto por una persona. Uni\u00f3n&nbsp;por medio de machihembrado en sus taras de contacto.<\/p>\n\n\n\n<div style=\"height:32px\" aria-hidden=\"true\" class=\"wp-block-spacer\"><\/div>\n\n\n\n<p>&gt; Ausencia de humedad durante el proceso.<\/p>\n\n\n\n<div style=\"height:32px\" aria-hidden=\"true\" class=\"wp-block-spacer\"><\/div>\n\n\n\n<p>&gt; Permite un r\u00e1pido secado.<\/p>\n\n\n\n<div style=\"height:32px\" aria-hidden=\"true\" class=\"wp-block-spacer\"><\/div>\n\n\n\n<p>&gt; Por el gran tama\u00f1o de las piezas conseguimos una r\u00e1pida&nbsp;ejecuci\u00f3n, reduciendo juntas y numero de piezas, as\u00ed como una&nbsp;excelente planeidad que facilitara el trabajo posterior a los&nbsp;gremios de la obra.<\/p>\n\n\n\n<div style=\"height:32px\" aria-hidden=\"true\" class=\"wp-block-spacer\"><\/div>\n\n\n\n<p>&gt; Se pueden cortar las piezas con sierra el\u00e9ctrica, lo que permite&nbsp;evitar rechazos de material y cortes defectuosos, &nbsp;ademas de&nbsp;ser la soluci\u00f3n en puntos singulares cortando la pieza con la&nbsp;forma o medida requerida en cada caso.<\/p>\n\n\n\n<div style=\"height:32px\" aria-hidden=\"true\" class=\"wp-block-spacer\"><\/div>\n\n\n\n<p>&gt; Sistema que genera muy pocos residuos.<\/p>\n\n\n\n<div style=\"height:32px\" aria-hidden=\"true\" class=\"wp-block-spacer\"><\/div>\n\n\n\n<p>&gt; Facilidad de apertura de rozas en el tabique, que se pueden&nbsp;hacer una vez que las juntas han secado.<\/p>\n\n\n\n<div style=\"height:32px\" aria-hidden=\"true\" class=\"wp-block-spacer\"><\/div>\n\n\n\n<div class=\"wp-block-image\"><figure class=\"aligncenter size-large\"><img loading=\"lazy\" decoding=\"async\" width=\"1024\" height=\"742\" src=\"https:\/\/www.cerayeso.com\/wp-content\/uploads\/2021\/02\/exposicion-1024x742.png\" alt=\"\" class=\"wp-image-105\" srcset=\"https:\/\/www.cerayeso.com\/wp-content\/uploads\/2021\/02\/exposicion-1024x742.png 1024w, https:\/\/www.cerayeso.com\/wp-content\/uploads\/2021\/02\/exposicion-300x217.png 300w, https:\/\/www.cerayeso.com\/wp-content\/uploads\/2021\/02\/exposicion-768x557.png 768w, https:\/\/www.cerayeso.com\/wp-content\/uploads\/2021\/02\/exposicion-1536x1113.png 1536w, https:\/\/www.cerayeso.com\/wp-content\/uploads\/2021\/02\/exposicion.png 2048w\" sizes=\"auto, (max-width: 1024px) 100vw, 1024px\" \/><figcaption>Ejemplos de diferentes modelos de Ceramic Plaster montados y con rozas aperturadas.<\/figcaption><\/figure><\/div>\n\n\n\n<p><\/p>\n","protected":false},"excerpt":{"rendered":"<p>BENEFICIOS DE CERAMIC PLASTER \u00bfQu\u00e9 es Ceramic Plaster? El tabique Ceramic Plaster es un elemento constructivo prefabricado de&nbsp;gran formato, compuesto de un n\u00facleo cer\u00e1mico y un revestimiento de yeso. Gracias a la configuraci\u00f3n de las placas&nbsp;machihembradas en todo su per\u00edmetro, a los materiales con los&nbsp;que est\u00e1 elaborado y al gran tama\u00f1o de las piezas, se [&hellip;]<\/p>\n","protected":false},"author":1,"featured_media":0,"parent":0,"menu_order":0,"comment_status":"closed","ping_status":"closed","template":"templates\/template_page-full-width.php","meta":{"footnotes":""},"class_list":["post-160","page","type-page","status-publish","hentry"],"_links":{"self":[{"href":"https:\/\/www.cerayeso.com\/index.php?rest_route=\/wp\/v2\/pages\/160","targetHints":{"allow":["GET"]}}],"collection":[{"href":"https:\/\/www.cerayeso.com\/index.php?rest_route=\/wp\/v2\/pages"}],"about":[{"href":"https:\/\/www.cerayeso.com\/index.php?rest_route=\/wp\/v2\/types\/page"}],"author":[{"embeddable":true,"href":"https:\/\/www.cerayeso.com\/index.php?rest_route=\/wp\/v2\/users\/1"}],"replies":[{"embeddable":true,"href":"https:\/\/www.cerayeso.com\/index.php?rest_route=%2Fwp%2Fv2%2Fcomments&post=160"}],"version-history":[{"count":24,"href":"https:\/\/www.cerayeso.com\/index.php?rest_route=\/wp\/v2\/pages\/160\/revisions"}],"predecessor-version":[{"id":342,"href":"https:\/\/www.cerayeso.com\/index.php?rest_route=\/wp\/v2\/pages\/160\/revisions\/342"}],"wp:attachment":[{"href":"https:\/\/www.cerayeso.com\/index.php?rest_route=%2Fwp%2Fv2%2Fmedia&parent=160"}],"curies":[{"name":"wp","href":"https:\/\/api.w.org\/{rel}","templated":true}]}}