{"id":153,"date":"2021-02-23T16:48:07","date_gmt":"2021-02-23T16:48:07","guid":{"rendered":"https:\/\/www.sunbeachguardamar.com\/?page_id=153"},"modified":"2021-03-12T15:56:02","modified_gmt":"2021-03-12T15:56:02","slug":"ceramic-wall-paredes-de-ladrillo","status":"publish","type":"page","link":"https:\/\/www.cerayeso.com\/?page_id=153","title":{"rendered":"Ceramic Wall"},"content":{"rendered":"\n<figure class=\"wp-block-image size-large\"><img loading=\"lazy\" decoding=\"async\" width=\"547\" height=\"217\" src=\"https:\/\/www.cerayeso.com\/wp-content\/uploads\/2021\/02\/Logo-Ceramic-Wall-1.png\" alt=\"\" class=\"wp-image-209\" srcset=\"https:\/\/www.cerayeso.com\/wp-content\/uploads\/2021\/02\/Logo-Ceramic-Wall-1.png 547w, https:\/\/www.cerayeso.com\/wp-content\/uploads\/2021\/02\/Logo-Ceramic-Wall-1-300x119.png 300w\" sizes=\"auto, (max-width: 547px) 100vw, 547px\" \/><\/figure>\n\n\n\n<h2 class=\"wp-block-heading\">Soluciones Constructivas<\/h2>\n\n\n\n<div style=\"height:36px\" aria-hidden=\"true\" class=\"wp-block-spacer\"><\/div>\n\n\n\n<h3 class=\"wp-block-heading\">Para el cumplimiento del CTE (C\u00f3digo T\u00e9cnico de Edificaci\u00f3n)<\/h3>\n\n\n\n<div style=\"height:36px\" aria-hidden=\"true\" class=\"wp-block-spacer\"><\/div>\n\n\n\n<h4 class=\"wp-block-heading\">ENCUENTRO CONTRA FORJADOS Y COLOCACI\u00d3N DE L\u00c1MINA DE ANTI IMPACTO<\/h4>\n\n\n\n<div style=\"height:36px\" aria-hidden=\"true\" class=\"wp-block-spacer\"><\/div>\n\n\n\n<p>Las bandas de EEPS tienen que desvincular totalmente la tabiquer\u00eda de los elementos estructurales como el forjado superior, el inferior y los pilares.<\/p>\n\n\n\n<div style=\"height:36px\" aria-hidden=\"true\" class=\"wp-block-spacer\"><\/div>\n\n\n\n<p>El antim impacto tiene que solapar sobre el tabique medianero para que el autonivelante y el piso no est\u00e9n en contacto con el elemento separador.<\/p>\n\n\n\n<div style=\"height:36px\" aria-hidden=\"true\" class=\"wp-block-spacer\"><\/div>\n\n\n\n<p>Nunca se debe realizar la medianera sobre el terrazo o suelo flotante corrido.<\/p>\n\n\n\n<div style=\"height:36px\" aria-hidden=\"true\" class=\"wp-block-spacer\"><\/div>\n\n\n\n<p>Contra el forjado superior y la medianera, una vez dado el yeso, se coloca un encintado de papel para evitar la posible fisura, posteriormente se aplica la mano de terminaci\u00f3n.<\/p>\n\n\n\n<div style=\"height:36px\" aria-hidden=\"true\" class=\"wp-block-spacer\"><\/div>\n\n\n\n<p>Al recibir el tabique medianero contra forjado es muy importante que la pasta de relleno de no est\u00e9 en contacto con el forjado superior, puesto que este produce una uni\u00f3n r\u00edgida de la pared con el forjado superior.<\/p>\n\n\n\n<div style=\"height:36px\" aria-hidden=\"true\" class=\"wp-block-spacer\"><\/div>\n\n\n\n<p>La banda de EEPS se cubre con la banda de papel colocada con pasta especial para acabado.<\/p>\n\n\n\n<div style=\"height:36px\" aria-hidden=\"true\" class=\"wp-block-spacer\"><\/div>\n\n\n\n<figure class=\"wp-block-image size-large\"><img loading=\"lazy\" decoding=\"async\" width=\"634\" height=\"678\" src=\"https:\/\/www.cerayeso.com\/wp-content\/uploads\/2021\/02\/c_1.jpg\" alt=\"\" class=\"wp-image-190\" srcset=\"https:\/\/www.cerayeso.com\/wp-content\/uploads\/2021\/02\/c_1.jpg 634w, https:\/\/www.cerayeso.com\/wp-content\/uploads\/2021\/02\/c_1-281x300.jpg 281w\" sizes=\"auto, (max-width: 634px) 100vw, 634px\" \/><\/figure>\n\n\n\n<div style=\"height:41px\" aria-hidden=\"true\" class=\"wp-block-spacer\"><\/div>\n\n\n\n<h4 class=\"wp-block-heading\">ENCUENTRO DE MEDIANERA CON TABIQUES INTERIORES<\/h4>\n\n\n\n<div style=\"height:41px\" aria-hidden=\"true\" class=\"wp-block-spacer\"><\/div>\n\n\n\n<p>Deber\u00e1n ser interrumpidos por la medianera y no por la inversa. En ning\u00fan caso atravesar\u00e1n la c\u00e1mara de la medianera pudiendo conectar las dos paredes de la misma.<\/p>\n\n\n\n<div style=\"height:41px\" aria-hidden=\"true\" class=\"wp-block-spacer\"><\/div>\n\n\n\n<figure class=\"wp-block-image size-large\"><img loading=\"lazy\" decoding=\"async\" width=\"566\" height=\"504\" src=\"https:\/\/www.cerayeso.com\/wp-content\/uploads\/2021\/02\/c_4.jpg\" alt=\"\" class=\"wp-image-191\" srcset=\"https:\/\/www.cerayeso.com\/wp-content\/uploads\/2021\/02\/c_4.jpg 566w, https:\/\/www.cerayeso.com\/wp-content\/uploads\/2021\/02\/c_4-300x267.jpg 300w\" sizes=\"auto, (max-width: 566px) 100vw, 566px\" \/><\/figure>\n\n\n\n<div style=\"height:67px\" aria-hidden=\"true\" class=\"wp-block-spacer\"><\/div>\n\n\n\n<h4 class=\"wp-block-heading\"><br>ENCUENTRO DE MEDIANERA CONTRA PILAR<\/h4>\n\n\n\n<div style=\"height:32px\" aria-hidden=\"true\" class=\"wp-block-spacer\"><\/div>\n\n\n\n<p>Medianera con bandas EEPS contra pilar forjado con <strong>Ceramic Plaster 3<\/strong>.<\/p>\n\n\n\n<div style=\"height:48px\" aria-hidden=\"true\" class=\"wp-block-spacer\"><\/div>\n\n\n\n<figure class=\"wp-block-image size-large\"><img loading=\"lazy\" decoding=\"async\" width=\"580\" height=\"262\" src=\"https:\/\/www.cerayeso.com\/wp-content\/uploads\/2021\/03\/c_5.jpg\" alt=\"\" class=\"wp-image-320\" srcset=\"https:\/\/www.cerayeso.com\/wp-content\/uploads\/2021\/03\/c_5.jpg 580w, https:\/\/www.cerayeso.com\/wp-content\/uploads\/2021\/03\/c_5-300x136.jpg 300w\" sizes=\"auto, (max-width: 580px) 100vw, 580px\" \/><\/figure>\n\n\n\n<div style=\"height:33px\" aria-hidden=\"true\" class=\"wp-block-spacer\"><\/div>\n\n\n\n<h4 class=\"wp-block-heading\">EJECUCI\u00d3N DE ROZAS PARA EL ALOJAMIENTO DE INSTALACIONES<\/h4>\n\n\n\n<div style=\"height:44px\" aria-hidden=\"true\" class=\"wp-block-spacer\"><\/div>\n\n\n\n<p>En el caso de las medianeras compuestas por dobles hojas de ladrillo hueco simple, se dejar\u00e1 una distancia de &gt;20 cms entre cajas de instalaciones y se asegurar\u00e1 un buen sellado de las mismas con yeso o mortero.<\/p>\n\n\n\n<div style=\"height:44px\" aria-hidden=\"true\" class=\"wp-block-spacer\"><\/div>\n\n\n\n<p>Cuanto m\u00e1s grosor de hoja tengamos, la precauci\u00f3n anteriormente mencionada puede ser menor.<\/p>\n\n\n\n<div style=\"height:63px\" aria-hidden=\"true\" class=\"wp-block-spacer\"><\/div>\n\n\n\n<figure class=\"wp-block-image size-large\"><img loading=\"lazy\" decoding=\"async\" width=\"662\" height=\"262\" src=\"https:\/\/www.cerayeso.com\/wp-content\/uploads\/2021\/02\/c_3.jpg\" alt=\"\" class=\"wp-image-193\" srcset=\"https:\/\/www.cerayeso.com\/wp-content\/uploads\/2021\/02\/c_3.jpg 662w, https:\/\/www.cerayeso.com\/wp-content\/uploads\/2021\/02\/c_3-300x119.jpg 300w\" sizes=\"auto, (max-width: 662px) 100vw, 662px\" \/><\/figure>\n\n\n\n<div style=\"height:63px\" aria-hidden=\"true\" class=\"wp-block-spacer\"><\/div>\n\n\n\n<h4 class=\"wp-block-heading\">ENCUENTRO DE MEDIANERA CONTRA FACHADA<\/h4>\n\n\n\n<div style=\"height:39px\" aria-hidden=\"true\" class=\"wp-block-spacer\"><\/div>\n\n\n\n<p>La medianera siempre hay que atestarla contra fachada ya sea caravista o cualquier tipo de cerramiento exterior, se colocan las bandas de EEPS ya sea contra el enfoscado, si el trasdosado se realiza con <strong>Ceramic Plaster T\u00e9rmico<\/strong>, o contra espuma de poliuretano proyectada, si va con <strong>Ceramic Plaster<\/strong> sin aislante.<\/p>\n\n\n\n<div style=\"height:39px\" aria-hidden=\"true\" class=\"wp-block-spacer\"><\/div>\n\n\n\n<p><strong>Nota importante:<\/strong>&nbsp;nunca se realizar\u00e1n c\u00e1maras corridas.<\/p>\n\n\n\n<div style=\"height:61px\" aria-hidden=\"true\" class=\"wp-block-spacer\"><\/div>\n\n\n\n<figure class=\"wp-block-image size-large\"><img loading=\"lazy\" decoding=\"async\" width=\"658\" height=\"500\" src=\"https:\/\/www.cerayeso.com\/wp-content\/uploads\/2021\/03\/c_2.jpg\" alt=\"\" class=\"wp-image-322\" srcset=\"https:\/\/www.cerayeso.com\/wp-content\/uploads\/2021\/03\/c_2.jpg 658w, https:\/\/www.cerayeso.com\/wp-content\/uploads\/2021\/03\/c_2-300x228.jpg 300w\" sizes=\"auto, (max-width: 658px) 100vw, 658px\" \/><\/figure>\n\n\n\n<div style=\"height:61px\" aria-hidden=\"true\" class=\"wp-block-spacer\"><\/div>\n\n\n\n<h4 class=\"wp-block-heading\">MEDIANERAS CON CAJAS DE ASCENSOR<\/h4>\n\n\n\n<div style=\"height:38px\" aria-hidden=\"true\" class=\"wp-block-spacer\"><\/div>\n\n\n\n<p><strong>Ceramic Plaster<\/strong> atestado con bandas el\u00e1sticas sobre caja de ascensor, enyesado y encintado para la aplicaci\u00f3n de la mano de terminaci\u00f3n y pintado.<\/p>\n\n\n\n<div style=\"height:38px\" aria-hidden=\"true\" class=\"wp-block-spacer\"><\/div>\n\n\n\n<figure class=\"wp-block-image size-large\"><img loading=\"lazy\" decoding=\"async\" width=\"588\" height=\"270\" src=\"https:\/\/www.cerayeso.com\/wp-content\/uploads\/2021\/02\/c_6.jpg\" alt=\"\" class=\"wp-image-195\" srcset=\"https:\/\/www.cerayeso.com\/wp-content\/uploads\/2021\/02\/c_6.jpg 588w, https:\/\/www.cerayeso.com\/wp-content\/uploads\/2021\/02\/c_6-300x138.jpg 300w\" sizes=\"auto, (max-width: 588px) 100vw, 588px\" \/><\/figure>\n\n\n\n<div style=\"height:56px\" aria-hidden=\"true\" class=\"wp-block-spacer\"><\/div>\n\n\n\n<p>Caja de ascensor forrado con <strong>Ceramic Plaster<\/strong> y banda el\u00e1stica en la hoja que atesta sobre la caja de ascensor.<\/p>\n\n\n\n<div style=\"height:56px\" aria-hidden=\"true\" class=\"wp-block-spacer\"><\/div>\n\n\n\n<figure class=\"wp-block-image size-large\"><img loading=\"lazy\" decoding=\"async\" width=\"606\" height=\"324\" src=\"https:\/\/www.cerayeso.com\/wp-content\/uploads\/2021\/03\/c_7.jpg\" alt=\"\" class=\"wp-image-323\" srcset=\"https:\/\/www.cerayeso.com\/wp-content\/uploads\/2021\/03\/c_7.jpg 606w, https:\/\/www.cerayeso.com\/wp-content\/uploads\/2021\/03\/c_7-300x160.jpg 300w\" sizes=\"auto, (max-width: 606px) 100vw, 606px\" \/><\/figure>\n\n\n\n<div style=\"height:34px\" aria-hidden=\"true\" class=\"wp-block-spacer\"><\/div>\n\n\n\n<div class=\"wp-block-columns is-layout-flex wp-container-core-columns-is-layout-9d6595d7 wp-block-columns-is-layout-flex\">\n<div class=\"wp-block-column is-layout-flow wp-block-column-is-layout-flow\" style=\"flex-basis:100%\">\n<div class=\"wp-block-group\"><div class=\"wp-block-group__inner-container is-layout-flow wp-block-group-is-layout-flow\">\n<p><strong>NOTA IMPORTANTE:<\/strong><\/p>\n\n\n\n<div style=\"height:48px\" aria-hidden=\"true\" class=\"wp-block-spacer\"><\/div>\n\n\n\n<div class=\"wp-block-group\"><div class=\"wp-block-group__inner-container is-layout-flow wp-block-group-is-layout-flow\">\n<div class=\"wp-block-group\"><div class=\"wp-block-group__inner-container is-layout-flow wp-block-group-is-layout-flow\">\n<p>Las soluciones <strong>Ceramic Plaster<\/strong> de doble hoja propuestas en este manual contemplan los casos mas desfavorables de los recintos anteriormente mencionados. Por tanto, son soluciones validadas en el m\u00e9todo simplificado del C\u00f3digo T\u00e9cnico de la Edificaci\u00f3n, para cualquier geometr\u00eda y combinaci\u00f3n de forjado y fachada, garantizando siempre un valor de aislamiento entre recintos mayor de 50 dBA.<\/p>\n<\/div><\/div>\n\n\n\n<div style=\"height:31px\" aria-hidden=\"true\" class=\"wp-block-spacer\"><\/div>\n\n\n\n<p><strong>Ceramic Plaster<\/strong> ofrece apoyo t\u00e9cnico al Arquitecto Proyectista en c\u00e1lculo por el m\u00e9todo general del CTE, para soluciones cer\u00e1micas no contempladas en este manual.<\/p>\n<\/div><\/div>\n<\/div><\/div>\n<\/div>\n<\/div>\n\n\n\n<div style=\"height:56px\" aria-hidden=\"true\" class=\"wp-block-spacer\"><\/div>\n","protected":false},"excerpt":{"rendered":"<p>Soluciones Constructivas Para el cumplimiento del CTE (C\u00f3digo T\u00e9cnico de Edificaci\u00f3n) ENCUENTRO CONTRA FORJADOS Y COLOCACI\u00d3N DE L\u00c1MINA DE ANTI IMPACTO Las bandas de EEPS tienen que desvincular totalmente la tabiquer\u00eda de los elementos estructurales como el forjado superior, el inferior y los pilares. El antim impacto tiene que solapar sobre el tabique medianero para [&hellip;]<\/p>\n","protected":false},"author":1,"featured_media":0,"parent":0,"menu_order":0,"comment_status":"closed","ping_status":"closed","template":"templates\/template_page-full-width.php","meta":{"footnotes":""},"class_list":["post-153","page","type-page","status-publish","hentry"],"_links":{"self":[{"href":"https:\/\/www.cerayeso.com\/index.php?rest_route=\/wp\/v2\/pages\/153","targetHints":{"allow":["GET"]}}],"collection":[{"href":"https:\/\/www.cerayeso.com\/index.php?rest_route=\/wp\/v2\/pages"}],"about":[{"href":"https:\/\/www.cerayeso.com\/index.php?rest_route=\/wp\/v2\/types\/page"}],"author":[{"embeddable":true,"href":"https:\/\/www.cerayeso.com\/index.php?rest_route=\/wp\/v2\/users\/1"}],"replies":[{"embeddable":true,"href":"https:\/\/www.cerayeso.com\/index.php?rest_route=%2Fwp%2Fv2%2Fcomments&post=153"}],"version-history":[{"count":9,"href":"https:\/\/www.cerayeso.com\/index.php?rest_route=\/wp\/v2\/pages\/153\/revisions"}],"predecessor-version":[{"id":324,"href":"https:\/\/www.cerayeso.com\/index.php?rest_route=\/wp\/v2\/pages\/153\/revisions\/324"}],"wp:attachment":[{"href":"https:\/\/www.cerayeso.com\/index.php?rest_route=%2Fwp%2Fv2%2Fmedia&parent=153"}],"curies":[{"name":"wp","href":"https:\/\/api.w.org\/{rel}","templated":true}]}}