{"id":150,"date":"2021-02-23T16:47:37","date_gmt":"2021-02-23T16:47:37","guid":{"rendered":"https:\/\/www.sunbeachguardamar.com\/?page_id=150"},"modified":"2021-03-12T14:32:54","modified_gmt":"2021-03-12T14:32:54","slug":"ceramic-plaster-termico","status":"publish","type":"page","link":"https:\/\/www.cerayeso.com\/?page_id=150","title":{"rendered":"Ceramic Plaster &#8211; T\u00e9rmico"},"content":{"rendered":"\n<figure class=\"wp-block-image size-large\"><img loading=\"lazy\" decoding=\"async\" width=\"547\" height=\"217\" src=\"https:\/\/www.cerayeso.com\/wp-content\/uploads\/2021\/02\/Logo-Ceramic-Plaster-Termico-1.png\" alt=\"\" class=\"wp-image-203\" srcset=\"https:\/\/www.cerayeso.com\/wp-content\/uploads\/2021\/02\/Logo-Ceramic-Plaster-Termico-1.png 547w, https:\/\/www.cerayeso.com\/wp-content\/uploads\/2021\/02\/Logo-Ceramic-Plaster-Termico-1-300x119.png 300w\" sizes=\"auto, (max-width: 547px) 100vw, 547px\" \/><\/figure>\n\n\n\n<h1 class=\"wp-block-heading\">Beneficios Ceramic Plaster T\u00e9rmico<\/h1>\n\n\n\n<div style=\"height:17px\" aria-hidden=\"true\" class=\"wp-block-spacer\"><\/div>\n\n\n\n<h4 class=\"wp-block-heading\"><strong>Ceramic Plaster T\u00e9rmico<\/strong>&nbsp;es un producto para <strong>trasdosados de fachada<\/strong> con aislamiento incorporado sobre la cara fr\u00eda de la hoja caliente, viene presentado en distintos formatos y espesores,&nbsp;<strong>8 CPt \u2013 10 CPt 4L y 10 CPt 5L<\/strong>, dependiendo del grado de aislamiento que queramos conseguir.<\/h4>\n\n\n\n<div style=\"height:22px\" aria-hidden=\"true\" class=\"wp-block-spacer\"><\/div>\n\n\n\n<p>Hoy en d\u00eda, el ahorro de energ\u00eda en los edificios a hecho que sea modificada la norma <strong>NBE-CT-Zg<\/strong> por el <strong>CTE-DB-HE<\/strong>. <\/p>\n\n\n\n<p>El objetivo de este requisito b\u00e1sico consiste en conseguir un uso racional de la energ\u00eda el\u00e9ctrica necesaria para la utilizaci\u00f3n de los edificios, reduciendo a l\u00edmites sostenibles su consumo debido a las caracter\u00edsticas de su proyecto, construcci\u00f3n, uso y mantenimiento. <\/p>\n\n\n\n<p>Para ello los edificios dispondr\u00e1n de una envolvente de caracter\u00edsticas tales que limite adecuadamente la energ\u00e9tica necesaria para alcanzar el bienestar t\u00e9rmico en funci\u00f3n del clima de la localidad, uso del edificio as\u00ed como sus caracter\u00edsticas de aislamiento e inercia, permeabilidad al aire y exposici\u00f3n a radiaci\u00f3n solar, reduciendo el riesgo de humedades de condensaci\u00f3n superficial e intersecial que perjudique al aislamiento.<\/p>\n\n\n\n<div style=\"height:26px\" aria-hidden=\"true\" class=\"wp-block-spacer\"><\/div>\n\n\n\n<h2 class=\"wp-block-heading\">Con Ceramic Plaster T\u00e9rmico se consiguen las siguientes Ventajas:<\/h2>\n\n\n\n<div style=\"height:26px\" aria-hidden=\"true\" class=\"wp-block-spacer\"><\/div>\n\n\n\n<ul class=\"wp-block-list\"><li>Aislamiento incorporado sobre la cara fr\u00eda de la hoja caliente<\/li><li>Homogeneidad del aislante<\/li><li>Espesor uniforme y, por tanto, caracter\u00edsticas constantes<\/li><li>Obra seca<\/li><li>Sin problemas de condensaciones<\/li><li>F\u00e1cil instalaci\u00f3n<\/li><li>Previene que el aislamiento absorba la humedad, cumpliendo I a norma CTE-DB-HE<\/li><li>B2 A efectos del CTE-DB-HE que se define como la barrera de resistencia alta a la filtraci\u00f3n imprescindible para soluciones con caravista para grado de impermeabilizaci\u00f3n &gt; 4<\/li><\/ul>\n\n\n\n<div style=\"height:26px\" aria-hidden=\"true\" class=\"wp-block-spacer\"><\/div>\n\n\n\n<figure class=\"wp-block-image size-large\"><img decoding=\"async\" src=\"https:\/\/www.cerayeso.com\/wp-content\/uploads\/2021\/03\/t1-1.jpg\" alt=\"\" class=\"wp-image-226\"\/><figcaption>Detalle Constructivo con Ceramic Plaster 10 CPt 5L<\/figcaption><\/figure>\n\n\n\n<p><\/p>\n","protected":false},"excerpt":{"rendered":"<p>Beneficios Ceramic Plaster T\u00e9rmico Ceramic Plaster T\u00e9rmico&nbsp;es un producto para trasdosados de fachada con aislamiento incorporado sobre la cara fr\u00eda de la hoja caliente, viene presentado en distintos formatos y espesores,&nbsp;8 CPt \u2013 10 CPt 4L y 10 CPt 5L, dependiendo del grado de aislamiento que queramos conseguir. Hoy en d\u00eda, el ahorro de energ\u00eda [&hellip;]<\/p>\n","protected":false},"author":1,"featured_media":0,"parent":0,"menu_order":0,"comment_status":"closed","ping_status":"closed","template":"templates\/template_page-full-width.php","meta":{"footnotes":""},"class_list":["post-150","page","type-page","status-publish","hentry"],"_links":{"self":[{"href":"https:\/\/www.cerayeso.com\/index.php?rest_route=\/wp\/v2\/pages\/150","targetHints":{"allow":["GET"]}}],"collection":[{"href":"https:\/\/www.cerayeso.com\/index.php?rest_route=\/wp\/v2\/pages"}],"about":[{"href":"https:\/\/www.cerayeso.com\/index.php?rest_route=\/wp\/v2\/types\/page"}],"author":[{"embeddable":true,"href":"https:\/\/www.cerayeso.com\/index.php?rest_route=\/wp\/v2\/users\/1"}],"replies":[{"embeddable":true,"href":"https:\/\/www.cerayeso.com\/index.php?rest_route=%2Fwp%2Fv2%2Fcomments&post=150"}],"version-history":[{"count":13,"href":"https:\/\/www.cerayeso.com\/index.php?rest_route=\/wp\/v2\/pages\/150\/revisions"}],"predecessor-version":[{"id":264,"href":"https:\/\/www.cerayeso.com\/index.php?rest_route=\/wp\/v2\/pages\/150\/revisions\/264"}],"wp:attachment":[{"href":"https:\/\/www.cerayeso.com\/index.php?rest_route=%2Fwp%2Fv2%2Fmedia&parent=150"}],"curies":[{"name":"wp","href":"https:\/\/api.w.org\/{rel}","templated":true}]}}